{"id":2732,"date":"2024-11-26T14:05:01","date_gmt":"2024-11-26T12:05:01","guid":{"rendered":"https:\/\/ipsi.cat\/?page_id=2732"},"modified":"2025-01-16T07:22:20","modified_gmt":"2025-01-16T05:22:20","slug":"servicio-de-media-pension","status":"publish","type":"page","link":"https:\/\/ipsi.cat\/es\/servicio-de-media-pension\/","title":{"rendered":"Servicio de Media Pensi\u00f3n"},"content":{"rendered":"\n<div id=\"wp-block-themeisle-blocks-advanced-columns-fc8306fd\" class=\"wp-block-themeisle-blocks-advanced-columns alignfull has-1-columns has-desktop-twoOne-layout has-tablet-equal-layout has-mobile-collapsedRows-layout has-reverse-columns-mobile has-vertical-bottom ticss-c00aadba has-light-bg\"><div class=\"wp-block-themeisle-blocks-advanced-columns-overlay\"><\/div><div class=\"innerblocks-wrap\">\n<div id=\"wp-block-themeisle-blocks-advanced-column-b3619395\" class=\"wp-block-themeisle-blocks-advanced-column\"><div class=\"ditty ditty--pre\" data-id=\"3344\" data-uniqid=\"ditty-69e89deab9523\"><\/div>\n<\/div>\n<\/div><\/div>\n\n\n\n<div class=\"wp-block-cover alignfull\" style=\"min-height:200px;aspect-ratio:unset;\"><span aria-hidden=\"true\" class=\"wp-block-cover__background has-custom-1-background-color has-background-dim-70 has-background-dim\"><\/span><div class=\"wp-block-cover__inner-container is-layout-flow wp-block-cover-is-layout-flow\">\n<h1 class=\"wp-block-heading has-text-align-center has-neve-text-color-color has-text-color\">Servicio de Media Pensi\u00f3n<\/h1>\n<\/div><\/div>\n\n\n\n<div id=\"wp-block-themeisle-blocks-advanced-columns-259a34b0\" class=\"wp-block-themeisle-blocks-advanced-columns has-1-columns has-desktop-equal-layout has-tablet-equal-layout has-mobile-collapsedRows-layout has-vertical-unset\"><div class=\"wp-block-themeisle-blocks-advanced-columns-overlay\"><\/div><div class=\"innerblocks-wrap\">\n<div id=\"wp-block-themeisle-blocks-advanced-column-3bc4123a\" class=\"wp-block-themeisle-blocks-advanced-column\">\n<p>El Servicio de Media Pensi\u00f3n tiene como objetivos que los alumnos de la escuela:<\/p>\n\n\n\n<ul class=\"wp-block-list\">\n<li>Sigan una alimentaci\u00f3n equilibrada, variada y sana, adecuada a las diferentes edades, con productos de calidad, proximidad y de producci\u00f3n sostenible.<\/li>\n\n\n\n<li>Aprendan a comer de forma correcta.<\/li>\n\n\n\n<li>Adquieran los h\u00e1bitos higi\u00e9nicos relacionados con la comida.<\/li>\n<\/ul>\n\n\n\n<p>Saned es la empresa encargada de coordinar estos aspectos, empresa catalana de solvencia reconocida con m\u00e1s de 25 a\u00f1os de experiencia en el sector de la restauraci\u00f3n escolar. <a href=\"http:\/\/www.saned.net\" target=\"_blank\" rel=\"noreferrer noopener\">www.saned.net<\/a><\/p>\n\n\n\n<div class=\"wp-block-buttons is-content-justification-left is-layout-flex wp-container-core-buttons-is-layout-fdcfc74e wp-block-buttons-is-layout-flex\">\n<div class=\"wp-block-button is-style-secondary\"><a class=\"wp-block-button__link wp-element-button\" href=\"#menus\">Men\u00fas<\/a><\/div>\n\n\n\n<div class=\"wp-block-button is-style-secondary\"><a class=\"wp-block-button__link wp-element-button\" href=\"#cuina\">La cocina<\/a><\/div>\n\n\n\n<div class=\"wp-block-button is-style-secondary\"><a class=\"wp-block-button__link wp-element-button\" href=\"#planificacio\">Planificaci\u00f3n<\/a><\/div>\n\n\n\n<div class=\"wp-block-button is-style-secondary\" id=\"higiene-edificis\"><a class=\"wp-block-button__link wp-element-button\" href=\"#migdia\">El Mediod\u00eda<\/a><\/div>\n<\/div>\n<\/div>\n<\/div><\/div>\n\n\n\n<div id=\"wp-block-themeisle-blocks-advanced-columns-4c7846ab\" class=\"wp-block-themeisle-blocks-advanced-columns has-1-columns has-desktop-equal-layout has-tablet-equal-layout has-mobile-collapsedRows-layout has-vertical-unset\"><div class=\"wp-block-themeisle-blocks-advanced-columns-overlay\"><\/div><div class=\"innerblocks-wrap\">\n<div id=\"wp-block-themeisle-blocks-advanced-column-d0fea76c\" class=\"wp-block-themeisle-blocks-advanced-column\">\n<div style=\"height:80px\" aria-hidden=\"true\" class=\"wp-block-spacer\"><\/div>\n\n\n\n<h2 class=\"wp-block-heading\" id=\"menus\">Men\u00fas<\/h2>\n\n\n\n<div class=\"wp-block-columns is-layout-flex wp-container-core-columns-is-layout-9d6595d7 wp-block-columns-is-layout-flex\">\n<div class=\"wp-block-column is-layout-flow wp-block-column-is-layout-flow\">\n<p><strong>Del mes<\/strong><\/p>\n\n\n\n<p><a href=\"http:\/\/www.ipsi.org\/menus\/Menus1.pdf\" target=\"_blank\" rel=\"noreferrer noopener\">Men\u00fa m\u00e9s en curso<\/a><\/p>\n\n\n\n<p><a href=\"http:\/\/www.ipsi.org\/menus\/Menus2.pdf\" target=\"_blank\" rel=\"noreferrer noopener\">Men\u00fa EI, 1r i 2o EP<\/a><\/p>\n\n\n\n<p><a href=\"http:\/\/www.ipsi.org\/menus\/Menus3.pdf\" target=\"_blank\" rel=\"noreferrer noopener\">Men\u00fa Derivaciones<\/a><\/p>\n\n\n\n<p><a href=\"http:\/\/www.ipsi.org\/menus\/Menus4.pdf\" target=\"_blank\" rel=\"noreferrer noopener\">Informaciones i\/o modificaciones<\/a><\/p>\n\n\n\n<p><strong>Pr\u00f3ximos<\/strong><\/p>\n\n\n\n<p><a href=\"http:\/\/www.ipsi.org\/menus\/Menus5.pdf\">Men\u00fa mes que viene<\/a><\/p>\n\n\n\n<p><a href=\"http:\/\/www.ipsi.org\/menus\/Menus6.pdf\" target=\"_blank\" rel=\"noreferrer noopener\">Adaptaciones y\/o modificaciones mes que viene<\/a><\/p>\n<\/div>\n\n\n\n<div class=\"wp-block-column is-layout-flow wp-block-column-is-layout-flow\">\n<figure class=\"wp-block-image size-full\"><img loading=\"lazy\" decoding=\"async\" width=\"508\" height=\"508\" src=\"https:\/\/ipsi.cat\/wp-content\/uploads\/2024\/11\/menus.jpg\" alt=\"\" class=\"wp-image-2734\" srcset=\"https:\/\/ipsi.cat\/wp-content\/uploads\/2024\/11\/menus.jpg 508w, https:\/\/ipsi.cat\/wp-content\/uploads\/2024\/11\/menus-300x300.jpg 300w, https:\/\/ipsi.cat\/wp-content\/uploads\/2024\/11\/menus-150x150.jpg 150w\" sizes=\"auto, (max-width: 508px) 100vw, 508px\" \/><\/figure>\n<\/div>\n<\/div>\n\n\n\n<div style=\"height:80px\" aria-hidden=\"true\" class=\"wp-block-spacer\"><\/div>\n\n\n\n<h2 class=\"wp-block-heading\" id=\"cuina\">La cocina<\/h2>\n\n\n\n<div class=\"wp-block-columns is-layout-flex wp-container-core-columns-is-layout-9d6595d7 wp-block-columns-is-layout-flex\">\n<div class=\"wp-block-column is-layout-flow wp-block-column-is-layout-flow\">\n<p>Los men\u00fas de la escuela facilitan una ingesta saludable, ya que los men\u00fas son equilibrados, variados, agradables y adaptados a las caracter\u00edsticas y necesidades de los alumnos.<\/p>\n\n\n\n<p>En Saned se da prioridad a los productos de temporada, de proximidad y de producci\u00f3n sostenible. Trabajamos con los mejores colaboradores posibles, como por ejemplo Ametller Origen, Veritas, Vi\u00f1als Gourmet o Fidemus.<\/p>\n\n\n\n<p>Todas las comidas se preparan en la cocina de la escuela, con el equipo de siempre, que con la aportaci\u00f3n de Saned, planifica, elabora y distribuye la comida en los diferentes espacios donde los alumnos comen. Se siguen las frecuencias recomendadas de alimentos en la programaci\u00f3n de men\u00fas escolares: primer plato: arroz, pasta, legumbres, hortalizas y verduras, segundos platos: carne, pescado y huevo, y de postre fruta fresca cada d\u00eda, una vez a la semana se da yogur opcional. Una o dos veces al mes hacemos un men\u00fa con prote\u00edna vegetal. Las cocciones de los segundos platos son: horno, guisados, asados, plancha y fritos, estos \u00faltimos solo una vez por semana.<\/p>\n\n\n\n<p>En el momento de preparar la comida y hasta la distribuci\u00f3n de la misma se tienen en cuenta las variantes de los men\u00fas que se deben hacer tanto por alergias alimentarias, intolerancias alimentarias como por creencias religiosas, as\u00ed como tambi\u00e9n se tiene presente si se presenta alg\u00fan problema de salud que necesite una modificaci\u00f3n de la dieta.<\/p>\n<\/div>\n\n\n\n<div class=\"wp-block-column is-layout-flow wp-block-column-is-layout-flow\">\n<figure class=\"wp-block-image size-full\"><img loading=\"lazy\" decoding=\"async\" width=\"711\" height=\"711\" src=\"https:\/\/ipsi.cat\/wp-content\/uploads\/2024\/11\/lacuina.jpg\" alt=\"\" class=\"wp-image-2737\" srcset=\"https:\/\/ipsi.cat\/wp-content\/uploads\/2024\/11\/lacuina.jpg 711w, https:\/\/ipsi.cat\/wp-content\/uploads\/2024\/11\/lacuina-300x300.jpg 300w, https:\/\/ipsi.cat\/wp-content\/uploads\/2024\/11\/lacuina-150x150.jpg 150w\" sizes=\"auto, (max-width: 711px) 100vw, 711px\" \/><\/figure>\n<\/div>\n<\/div>\n\n\n\n<div style=\"height:100px\" aria-hidden=\"true\" class=\"wp-block-spacer\"><\/div>\n\n\n\n<h2 class=\"wp-block-heading\" id=\"planificacio\">Planificaci\u00f3n de la media pensi\u00f3n<\/h2>\n\n\n\n<div class=\"wp-block-columns is-layout-flex wp-container-core-columns-is-layout-9d6595d7 wp-block-columns-is-layout-flex\">\n<div class=\"wp-block-column is-layout-flow wp-block-column-is-layout-flow\">\n<p>El Servicio de Media Pensi\u00f3n organiza los horarios del comedor, las actividades en el espacio del mediod\u00eda y el descanso de los m\u00e1s peque\u00f1os.<\/p>\n\n\n\n<p>Cuando los alumnos terminan las clases de la ma\u00f1ana, o bien van directamente al comedor a almorzar, o bien al patio hasta la hora de ir al comedor. El orden en que lo hagan depende de la distribuci\u00f3n de los comedores. El tiempo de almuerzo es de aproximadamente una hora, ya que incluye lavarse las manos, pasar por el autoservicio o sentarse a la mesa, comer tranquilamente y lavarse los dientes.<\/p>\n\n\n\n<p>El tiempo de recreo se realiza en los diferentes patios de la escuela, donde los alumnos juegan libremente, aunque peri\u00f3dicamente se organizan jornadas, juegos dirigidos y torneos.<\/p>\n\n\n\n<p>En este tiempo del mediod\u00eda, los alumnos son atendidos por profesores de la escuela y monitores.<\/p>\n<\/div>\n\n\n\n<div class=\"wp-block-column is-layout-flow wp-block-column-is-layout-flow\">\n<figure class=\"wp-block-image size-full\"><img loading=\"lazy\" decoding=\"async\" width=\"481\" height=\"481\" src=\"https:\/\/ipsi.cat\/wp-content\/uploads\/2024\/11\/planificacio.jpg\" alt=\"\" class=\"wp-image-2740\" srcset=\"https:\/\/ipsi.cat\/wp-content\/uploads\/2024\/11\/planificacio.jpg 481w, https:\/\/ipsi.cat\/wp-content\/uploads\/2024\/11\/planificacio-300x300.jpg 300w, https:\/\/ipsi.cat\/wp-content\/uploads\/2024\/11\/planificacio-150x150.jpg 150w\" sizes=\"auto, (max-width: 481px) 100vw, 481px\" \/><\/figure>\n<\/div>\n<\/div>\n\n\n\n<div style=\"height:100px\" aria-hidden=\"true\" class=\"wp-block-spacer\"><\/div>\n\n\n\n<h2 class=\"wp-block-heading\" id=\"migdia\">\u00bfQu\u00e9 m\u00e1s hacemos al mediod\u00eda?<\/h2>\n\n\n\n<div class=\"wp-block-columns is-layout-flex wp-container-core-columns-is-layout-9d6595d7 wp-block-columns-is-layout-flex\">\n<div class=\"wp-block-column is-layout-flow wp-block-column-is-layout-flow\">\n<p>Adem\u00e1s de las comidas de cada d\u00eda, se tienen presentes los alimentos t\u00edpicos y tradicionales del curso del a\u00f1o: la comida de Navidad, crema catalana por San Jos\u00e9, la comida de Fiesta Mayor por San Jordi, etc.<\/p>\n\n\n\n<p>Tambi\u00e9n se organizan comidas especiales, en las que los alumnos intervienen en la decoraci\u00f3n del comedor:<\/p>\n\n\n\n<ul class=\"wp-block-list\">\n<li>Comidas especiales por cursos, si a nivel curricular trabajan alg\u00fan tema que se pueda vincular con la comida, la cocina participa encantada y los alumnos intervienen en la decoraci\u00f3n del comedor.<\/li>\n\n\n\n<li>Men\u00fa votado, los alumnos de toda la escuela, mediante el voto, escogen el primer plato, el segundo y el postre.<\/li>\n\n\n\n<li>\u00abComer bien\u00bb, actividad que realizan los alumnos de 3\u00ba de primaria, donde se les ense\u00f1a a utilizar correctamente los cubiertos para pelar la fruta, as\u00ed como el saber estar. En la \u00faltima sesi\u00f3n de la actividad, se invita a almorzar, en el aula, a dos parejas de padres del grupo para que comprueben lo que han aprendido..<\/li>\n<\/ul>\n<\/div>\n\n\n\n<div class=\"wp-block-column is-layout-flow wp-block-column-is-layout-flow\">\n<figure class=\"wp-block-image size-full\"><img loading=\"lazy\" decoding=\"async\" width=\"990\" height=\"989\" src=\"https:\/\/ipsi.cat\/wp-content\/uploads\/2024\/11\/queMesFem.jpg\" alt=\"\" class=\"wp-image-2743\" srcset=\"https:\/\/ipsi.cat\/wp-content\/uploads\/2024\/11\/queMesFem.jpg 990w, https:\/\/ipsi.cat\/wp-content\/uploads\/2024\/11\/queMesFem-300x300.jpg 300w, https:\/\/ipsi.cat\/wp-content\/uploads\/2024\/11\/queMesFem-150x150.jpg 150w, https:\/\/ipsi.cat\/wp-content\/uploads\/2024\/11\/queMesFem-768x767.jpg 768w\" sizes=\"auto, (max-width: 990px) 100vw, 990px\" \/><\/figure>\n<\/div>\n<\/div>\n<\/div>\n<\/div><\/div>\n","protected":false},"excerpt":{"rendered":"","protected":false},"author":2,"featured_media":0,"parent":0,"menu_order":7,"comment_status":"closed","ping_status":"closed","template":"","meta":{"_uag_custom_page_level_css":"","neve_meta_sidebar":"full-width","neve_meta_container":"","neve_meta_enable_content_width":"on","neve_meta_content_width":100,"neve_meta_title_alignment":"","neve_meta_author_avatar":"","neve_post_elements_order":"","neve_meta_disable_header":"","neve_meta_disable_footer":"","neve_meta_disable_title":"on","neve_meta_reading_time":"","_themeisle_gutenberg_block_has_review":false,"footnotes":""},"class_list":["post-2732","page","type-page","status-publish","hentry"],"yoast_head":"<!-- This site is optimized with the Yoast SEO plugin v25.4 - https:\/\/yoast.com\/wordpress\/plugins\/seo\/ -->\n<title>Servicio de Media Pensi\u00f3n - Escola IPSI<\/title>\n<meta name=\"description\" content=\"L&#039;escola IPSI es defineix principalment amb aquests trets d&#039;identitat: escola catalana, oberta i de qualitat\" \/>\n<meta name=\"robots\" content=\"index, follow, max-snippet:-1, max-image-preview:large, max-video-preview:-1\" \/>\n<link rel=\"canonical\" href=\"https:\/\/ipsi.cat\/es\/servicio-de-media-pension\/\" \/>\n<meta property=\"og:locale\" content=\"es_ES\" \/>\n<meta property=\"og:type\" content=\"article\" \/>\n<meta property=\"og:title\" content=\"Trets d&#039;identitat\" \/>\n<meta property=\"og:description\" content=\"L&#039;escola IPSI es defineix principalment amb aquests trets d&#039;identitat: escola catalana, oberta i de qualitat\" \/>\n<meta property=\"og:url\" content=\"https:\/\/ipsi.cat\/es\/servicio-de-media-pension\/\" \/>\n<meta property=\"og:site_name\" content=\"Escola IPSI\" \/>\n<meta property=\"article:publisher\" content=\"https:\/\/www.facebook.com\/escolaIPSIOficial\" \/>\n<meta property=\"article:modified_time\" content=\"2025-01-16T05:22:20+00:00\" \/>\n<meta property=\"og:image\" content=\"https:\/\/ipsi.cat\/wp-content\/uploads\/2024\/11\/menus.jpg\" \/>\n\t<meta property=\"og:image:width\" content=\"508\" \/>\n\t<meta property=\"og:image:height\" content=\"508\" \/>\n\t<meta property=\"og:image:type\" content=\"image\/jpeg\" \/>\n<meta name=\"twitter:card\" content=\"summary_large_image\" \/>\n<meta name=\"twitter:title\" content=\"Trets d&#039;identitat\" \/>\n<meta name=\"twitter:description\" content=\"L&#039;escola IPSI es defineix principalment amb aquests trets d&#039;identitat: escola catalana, oberta i de qualitat\" \/>\n<meta name=\"twitter:site\" content=\"@escolaipsi\" \/>\n<meta name=\"twitter:label1\" content=\"Tiempo de lectura\" \/>\n\t<meta name=\"twitter:data1\" content=\"5 minutos\" \/>\n<script type=\"application\/ld+json\" class=\"yoast-schema-graph\">{\"@context\":\"https:\/\/schema.org\",\"@graph\":[{\"@type\":\"WebPage\",\"@id\":\"https:\/\/ipsi.cat\/es\/servicio-de-media-pension\/\",\"url\":\"https:\/\/ipsi.cat\/es\/servicio-de-media-pension\/\",\"name\":\"Servicio de Media Pensi\u00f3n - Escola IPSI\",\"isPartOf\":{\"@id\":\"https:\/\/ipsi.cat\/es\/#website\"},\"primaryImageOfPage\":{\"@id\":\"https:\/\/ipsi.cat\/es\/servicio-de-media-pension\/#primaryimage\"},\"image\":{\"@id\":\"https:\/\/ipsi.cat\/es\/servicio-de-media-pension\/#primaryimage\"},\"thumbnailUrl\":\"https:\/\/ipsi.cat\/wp-content\/uploads\/2024\/11\/menus.jpg\",\"datePublished\":\"2024-11-26T12:05:01+00:00\",\"dateModified\":\"2025-01-16T05:22:20+00:00\",\"description\":\"L'escola IPSI es defineix principalment amb aquests trets d'identitat: escola catalana, oberta i de qualitat\",\"breadcrumb\":{\"@id\":\"https:\/\/ipsi.cat\/es\/servicio-de-media-pension\/#breadcrumb\"},\"inLanguage\":\"es\",\"potentialAction\":[{\"@type\":\"ReadAction\",\"target\":[\"https:\/\/ipsi.cat\/es\/servicio-de-media-pension\/\"]}]},{\"@type\":\"ImageObject\",\"inLanguage\":\"es\",\"@id\":\"https:\/\/ipsi.cat\/es\/servicio-de-media-pension\/#primaryimage\",\"url\":\"https:\/\/ipsi.cat\/wp-content\/uploads\/2024\/11\/menus.jpg\",\"contentUrl\":\"https:\/\/ipsi.cat\/wp-content\/uploads\/2024\/11\/menus.jpg\"},{\"@type\":\"BreadcrumbList\",\"@id\":\"https:\/\/ipsi.cat\/es\/servicio-de-media-pension\/#breadcrumb\",\"itemListElement\":[{\"@type\":\"ListItem\",\"position\":1,\"name\":\"Inici\",\"item\":\"https:\/\/ipsi.cat\/es\/\"},{\"@type\":\"ListItem\",\"position\":2,\"name\":\"Servicio de Media Pensi\u00f3n\"}]},{\"@type\":\"WebSite\",\"@id\":\"https:\/\/ipsi.cat\/es\/#website\",\"url\":\"https:\/\/ipsi.cat\/es\/\",\"name\":\"Escola IPSI\",\"description\":\"Escola concertada de Barcelona\",\"publisher\":{\"@id\":\"https:\/\/ipsi.cat\/es\/#organization\"},\"potentialAction\":[{\"@type\":\"SearchAction\",\"target\":{\"@type\":\"EntryPoint\",\"urlTemplate\":\"https:\/\/ipsi.cat\/es\/?s={search_term_string}\"},\"query-input\":{\"@type\":\"PropertyValueSpecification\",\"valueRequired\":true,\"valueName\":\"search_term_string\"}}],\"inLanguage\":\"es\"},{\"@type\":\"Organization\",\"@id\":\"https:\/\/ipsi.cat\/es\/#organization\",\"name\":\"Escola IPSI\",\"url\":\"https:\/\/ipsi.cat\/es\/\",\"logo\":{\"@type\":\"ImageObject\",\"inLanguage\":\"es\",\"@id\":\"https:\/\/ipsi.cat\/es\/#\/schema\/logo\/image\/\",\"url\":\"https:\/\/ipsi.cat\/wp-content\/uploads\/2022\/10\/logo-escola-ipsi.png\",\"contentUrl\":\"https:\/\/ipsi.cat\/wp-content\/uploads\/2022\/10\/logo-escola-ipsi.png\",\"width\":250,\"height\":85,\"caption\":\"Escola IPSI\"},\"image\":{\"@id\":\"https:\/\/ipsi.cat\/es\/#\/schema\/logo\/image\/\"},\"sameAs\":[\"https:\/\/www.facebook.com\/escolaIPSIOficial\",\"https:\/\/x.com\/escolaipsi\",\"https:\/\/www.youtube.com\/user\/EscolaIPSIBarcelona\",\"https:\/\/instagram.com\/escolaIPSIOficial\"]}]}<\/script>\n<!-- \/ Yoast SEO plugin. -->","yoast_head_json":{"title":"Servicio de Media Pensi\u00f3n - Escola IPSI","description":"L'escola IPSI es defineix principalment amb aquests trets d'identitat: escola catalana, oberta i de qualitat","robots":{"index":"index","follow":"follow","max-snippet":"max-snippet:-1","max-image-preview":"max-image-preview:large","max-video-preview":"max-video-preview:-1"},"canonical":"https:\/\/ipsi.cat\/es\/servicio-de-media-pension\/","og_locale":"es_ES","og_type":"article","og_title":"Trets d'identitat","og_description":"L'escola IPSI es defineix principalment amb aquests trets d'identitat: escola catalana, oberta i de qualitat","og_url":"https:\/\/ipsi.cat\/es\/servicio-de-media-pension\/","og_site_name":"Escola IPSI","article_publisher":"https:\/\/www.facebook.com\/escolaIPSIOficial","article_modified_time":"2025-01-16T05:22:20+00:00","og_image":[{"width":508,"height":508,"url":"https:\/\/ipsi.cat\/wp-content\/uploads\/2024\/11\/menus.jpg","type":"image\/jpeg"}],"twitter_card":"summary_large_image","twitter_title":"Trets d'identitat","twitter_description":"L'escola IPSI es defineix principalment amb aquests trets d'identitat: escola catalana, oberta i de qualitat","twitter_site":"@escolaipsi","twitter_misc":{"Tiempo de lectura":"5 minutos"},"schema":{"@context":"https:\/\/schema.org","@graph":[{"@type":"WebPage","@id":"https:\/\/ipsi.cat\/es\/servicio-de-media-pension\/","url":"https:\/\/ipsi.cat\/es\/servicio-de-media-pension\/","name":"Servicio de Media Pensi\u00f3n - Escola IPSI","isPartOf":{"@id":"https:\/\/ipsi.cat\/es\/#website"},"primaryImageOfPage":{"@id":"https:\/\/ipsi.cat\/es\/servicio-de-media-pension\/#primaryimage"},"image":{"@id":"https:\/\/ipsi.cat\/es\/servicio-de-media-pension\/#primaryimage"},"thumbnailUrl":"https:\/\/ipsi.cat\/wp-content\/uploads\/2024\/11\/menus.jpg","datePublished":"2024-11-26T12:05:01+00:00","dateModified":"2025-01-16T05:22:20+00:00","description":"L'escola IPSI es defineix principalment amb aquests trets d'identitat: escola catalana, oberta i de qualitat","breadcrumb":{"@id":"https:\/\/ipsi.cat\/es\/servicio-de-media-pension\/#breadcrumb"},"inLanguage":"es","potentialAction":[{"@type":"ReadAction","target":["https:\/\/ipsi.cat\/es\/servicio-de-media-pension\/"]}]},{"@type":"ImageObject","inLanguage":"es","@id":"https:\/\/ipsi.cat\/es\/servicio-de-media-pension\/#primaryimage","url":"https:\/\/ipsi.cat\/wp-content\/uploads\/2024\/11\/menus.jpg","contentUrl":"https:\/\/ipsi.cat\/wp-content\/uploads\/2024\/11\/menus.jpg"},{"@type":"BreadcrumbList","@id":"https:\/\/ipsi.cat\/es\/servicio-de-media-pension\/#breadcrumb","itemListElement":[{"@type":"ListItem","position":1,"name":"Inici","item":"https:\/\/ipsi.cat\/es\/"},{"@type":"ListItem","position":2,"name":"Servicio de Media Pensi\u00f3n"}]},{"@type":"WebSite","@id":"https:\/\/ipsi.cat\/es\/#website","url":"https:\/\/ipsi.cat\/es\/","name":"Escola IPSI","description":"Escola concertada de Barcelona","publisher":{"@id":"https:\/\/ipsi.cat\/es\/#organization"},"potentialAction":[{"@type":"SearchAction","target":{"@type":"EntryPoint","urlTemplate":"https:\/\/ipsi.cat\/es\/?s={search_term_string}"},"query-input":{"@type":"PropertyValueSpecification","valueRequired":true,"valueName":"search_term_string"}}],"inLanguage":"es"},{"@type":"Organization","@id":"https:\/\/ipsi.cat\/es\/#organization","name":"Escola IPSI","url":"https:\/\/ipsi.cat\/es\/","logo":{"@type":"ImageObject","inLanguage":"es","@id":"https:\/\/ipsi.cat\/es\/#\/schema\/logo\/image\/","url":"https:\/\/ipsi.cat\/wp-content\/uploads\/2022\/10\/logo-escola-ipsi.png","contentUrl":"https:\/\/ipsi.cat\/wp-content\/uploads\/2022\/10\/logo-escola-ipsi.png","width":250,"height":85,"caption":"Escola IPSI"},"image":{"@id":"https:\/\/ipsi.cat\/es\/#\/schema\/logo\/image\/"},"sameAs":["https:\/\/www.facebook.com\/escolaIPSIOficial","https:\/\/x.com\/escolaipsi","https:\/\/www.youtube.com\/user\/EscolaIPSIBarcelona","https:\/\/instagram.com\/escolaIPSIOficial"]}]}},"uagb_featured_image_src":{"full":false,"thumbnail":false,"medium":false,"medium_large":false,"large":false,"1536x1536":false,"2048x2048":false,"neve-blog":false},"uagb_author_info":{"display_name":"Eloi Gabriel","author_link":"https:\/\/ipsi.cat\/es\/author\/eloi\/"},"uagb_comment_info":0,"uagb_excerpt":null,"_links":{"self":[{"href":"https:\/\/ipsi.cat\/es\/wp-json\/wp\/v2\/pages\/2732","targetHints":{"allow":["GET"]}}],"collection":[{"href":"https:\/\/ipsi.cat\/es\/wp-json\/wp\/v2\/pages"}],"about":[{"href":"https:\/\/ipsi.cat\/es\/wp-json\/wp\/v2\/types\/page"}],"author":[{"embeddable":true,"href":"https:\/\/ipsi.cat\/es\/wp-json\/wp\/v2\/users\/2"}],"replies":[{"embeddable":true,"href":"https:\/\/ipsi.cat\/es\/wp-json\/wp\/v2\/comments?post=2732"}],"version-history":[{"count":5,"href":"https:\/\/ipsi.cat\/es\/wp-json\/wp\/v2\/pages\/2732\/revisions"}],"predecessor-version":[{"id":3403,"href":"https:\/\/ipsi.cat\/es\/wp-json\/wp\/v2\/pages\/2732\/revisions\/3403"}],"wp:attachment":[{"href":"https:\/\/ipsi.cat\/es\/wp-json\/wp\/v2\/media?parent=2732"}],"curies":[{"name":"wp","href":"https:\/\/api.w.org\/{rel}","templated":true}]}}