{"id":2971,"date":"2024-12-05T13:11:24","date_gmt":"2024-12-05T11:11:24","guid":{"rendered":"https:\/\/ipsi.cat\/?page_id=2971"},"modified":"2025-01-29T11:45:45","modified_gmt":"2025-01-29T09:45:45","slug":"sollicitar-una-visita-informativa-a-eso","status":"publish","type":"page","link":"https:\/\/ipsi.cat\/ca\/sollicitar-una-visita-informativa-a-eso\/","title":{"rendered":"Sol\u00b7licitar una visita informativa a ESO"},"content":{"rendered":"\n<div id=\"wp-block-themeisle-blocks-advanced-columns-fc8306fd\" class=\"wp-block-themeisle-blocks-advanced-columns alignfull has-1-columns has-desktop-twoOne-layout has-tablet-equal-layout has-mobile-collapsedRows-layout has-reverse-columns-mobile has-vertical-bottom ticss-c00aadba has-light-bg\"><div class=\"wp-block-themeisle-blocks-advanced-columns-overlay\"><\/div><div class=\"innerblocks-wrap\">\n<div id=\"wp-block-themeisle-blocks-advanced-column-b3619395\" class=\"wp-block-themeisle-blocks-advanced-column\"><div class=\"ditty ditty--pre\" data-id=\"701\" data-uniqid=\"ditty-69d201a389d93\"><\/div>\n<\/div>\n<\/div><\/div>\n\n\n\n<div class=\"wp-block-cover alignfull\" style=\"min-height:200px;aspect-ratio:unset;\"><span aria-hidden=\"true\" class=\"wp-block-cover__background has-custom-1-background-color has-background-dim-70 has-background-dim\"><\/span><div class=\"wp-block-cover__inner-container is-layout-flow wp-block-cover-is-layout-flow\">\n<h1 class=\"wp-block-heading has-text-align-center has-neve-text-color-color has-text-color\">Sol\u00b7licitar una visita informativa a ESO<\/h1>\n<\/div><\/div>\n\n\n\n<p>Ompliu el formulari amb les vostres dades i contactarem amb vosaltres.<\/p>\n\n\n<div class=\"wpforms-container wpforms-container-full wpforms-block wpforms-block-5360acb1-83b9-4ac1-9421-6ef897f72619 wpforms-render-modern\" id=\"wpforms-3773\"><form id=\"wpforms-form-3773\" class=\"wpforms-validate wpforms-form wpforms-ajax-form\" data-formid=\"3773\" method=\"post\" enctype=\"multipart\/form-data\" action=\"\/ca\/wp-json\/wp\/v2\/pages\/2971\" data-token=\"26f58aa43fd801d241aa7917ee031566\" data-token-time=\"1775370659\"><noscript class=\"wpforms-error-noscript\">Activeu el JavaScript al navegador per a poder completar el formulari.<\/noscript><div class=\"wpforms-hidden\" id=\"wpforms-error-noscript\">Activeu el JavaScript al navegador per a poder completar el formulari.<\/div><div class=\"wpforms-field-container\"><div id=\"wpforms-3773-field_0-container\" class=\"wpforms-field wpforms-field-name\" data-field-id=\"0\"><fieldset><legend class=\"wpforms-field-label\">Nom i cognoms <span class=\"wpforms-required-label\" aria-hidden=\"true\">*<\/span><\/legend><div class=\"wpforms-field-row wpforms-field-large\"><div class=\"wpforms-field-row-block wpforms-first wpforms-one-half\"><input type=\"text\" id=\"wpforms-3773-field_0\" class=\"wpforms-field-name-first wpforms-field-required\" name=\"wpforms[fields][0][first]\" placeholder=\"Nom\" aria-errormessage=\"wpforms-3773-field_0-error\" required><label for=\"wpforms-3773-field_0\" class=\"wpforms-field-sublabel after wpforms-sublabel-hide\">Nom<\/label><\/div><div class=\"wpforms-field-row-block wpforms-one-half\"><input type=\"text\" id=\"wpforms-3773-field_0-last\" class=\"wpforms-field-name-last wpforms-field-required\" name=\"wpforms[fields][0][last]\" placeholder=\"Cognoms\" aria-errormessage=\"wpforms-3773-field_0-last-error\" required><label for=\"wpforms-3773-field_0-last\" class=\"wpforms-field-sublabel after wpforms-sublabel-hide\">Cognoms<\/label><\/div><\/div><\/fieldset><\/div><div id=\"wpforms-3773-field_1-container\" class=\"wpforms-field wpforms-field-email\" data-field-id=\"1\"><label class=\"wpforms-field-label\" for=\"wpforms-3773-field_1\">E-mail <span class=\"wpforms-required-label\" aria-hidden=\"true\">*<\/span><\/label><input type=\"email\" id=\"wpforms-3773-field_1\" class=\"wpforms-field-large wpforms-field-required\" name=\"wpforms[fields][1]\" placeholder=\"E-mail\" spellcheck=\"false\" aria-errormessage=\"wpforms-3773-field_1-error\" required><\/div><div id=\"wpforms-3773-field_8-container\" class=\"wpforms-field wpforms-field-number\" data-field-id=\"8\"><label class=\"wpforms-field-label\" for=\"wpforms-3773-field_8\">Tel\u00e8fon principal <span class=\"wpforms-required-label\" aria-hidden=\"true\">*<\/span><\/label><input type=\"number\" id=\"wpforms-3773-field_8\" class=\"wpforms-field-large wpforms-field-required\" name=\"wpforms[fields][8]\" placeholder=\"Tel\u00e8fon\" step=\"any\" aria-errormessage=\"wpforms-3773-field_8-error\" required><\/div>\t\t<div id=\"wpforms-3773-field_3-container\"\n\t\t\tclass=\"wpforms-field wpforms-field-text\"\n\t\t\tdata-field-type=\"text\"\n\t\t\tdata-field-id=\"3\"\n\t\t\t>\n\t\t\t<label class=\"wpforms-field-label\" for=\"wpforms-3773-field_3\" >de i Tel\u00e8fon<\/label>\n\t\t\t<input type=\"text\" id=\"wpforms-3773-field_3\" class=\"wpforms-field-medium\" name=\"wpforms[fields][3]\" >\n\t\t<\/div>\n\t\t<div id=\"wpforms-3773-field_9-container\" class=\"wpforms-field wpforms-field-number\" data-field-id=\"9\"><label class=\"wpforms-field-label\" for=\"wpforms-3773-field_9\">Tel\u00e8fon secundari<\/label><input type=\"number\" id=\"wpforms-3773-field_9\" class=\"wpforms-field-large\" name=\"wpforms[fields][9]\" placeholder=\"Tel\u00e8fon\" step=\"any\" aria-errormessage=\"wpforms-3773-field_9-error\" ><\/div><div id=\"wpforms-3773-field_2-container\" class=\"wpforms-field wpforms-field-textarea\" data-field-id=\"2\"><label class=\"wpforms-field-label\" for=\"wpforms-3773-field_2\">Comentaris<\/label><textarea id=\"wpforms-3773-field_2\" class=\"wpforms-field-large\" name=\"wpforms[fields][2]\" placeholder=\"Escriu els teus comentaris\" aria-errormessage=\"wpforms-3773-field_2-error\" ><\/textarea><\/div><div id=\"wpforms-3773-field_10-container\" class=\"wpforms-field wpforms-field-gdpr-checkbox\" data-field-id=\"10\"><label class=\"wpforms-field-label\">Pol\u00edtica de privadesa <span class=\"wpforms-required-label\" aria-hidden=\"true\">*<\/span><\/label><ul id=\"wpforms-3773-field_10\" class=\"wpforms-field-required\"><li class=\"choice-1\"><input type=\"checkbox\" id=\"wpforms-3773-field_10_1\" name=\"wpforms[fields][10][]\" value=\"Accepto la &lt;a target=&quot;_blank&quot; title=&quot;Pol\u00edtica de privacidad&quot; href=&quot;https:\/\/ipsi.cat\/wp-content\/uploads\/2024\/11\/politicaPrivacitat.pdf&quot;&gt;pol\u00edtica de privacitat&lt;\/a&gt;.\" aria-errormessage=\"wpforms-3773-field_10_1-error\" required ><label class=\"wpforms-field-label-inline\" for=\"wpforms-3773-field_10_1\">Accepto la <a target=\"_blank\" title=\"Pol\u00edtica de privacidad\" href=\"https:\/\/ipsi.cat\/wp-content\/uploads\/2024\/11\/politicaPrivacitat.pdf\">pol\u00edtica de privacitat<\/a>.<\/label><\/li><\/ul><\/div><script>\n\t\t\t\t( function() {\n\t\t\t\t\tconst style = document.createElement( 'style' );\n\t\t\t\t\tstyle.appendChild( document.createTextNode( '#wpforms-3773-field_3-container { position: absolute !important; overflow: hidden !important; display: inline !important; height: 1px !important; width: 1px !important; z-index: -1000 !important; padding: 0 !important; } #wpforms-3773-field_3-container input { visibility: hidden; } #wpforms-conversational-form-page #wpforms-3773-field_3-container label { counter-increment: none; }' ) );\n\t\t\t\t\tdocument.head.appendChild( style );\n\t\t\t\t\tdocument.currentScript?.remove();\n\t\t\t\t} )();\n\t\t\t<\/script><\/div><!-- .wpforms-field-container --><div class=\"wpforms-recaptcha-container wpforms-is-recaptcha wpforms-is-recaptcha-type-v3\" ><input type=\"hidden\" name=\"wpforms[recaptcha]\" value=\"\"><\/div><div class=\"wpforms-submit-container\" ><input type=\"hidden\" name=\"wpforms[id]\" value=\"3773\"><input type=\"hidden\" name=\"page_title\" value=\"\"><input type=\"hidden\" name=\"page_url\" value=\"https:\/\/ipsi.cat\/ca\/wp-json\/wp\/v2\/pages\/2971\"><input type=\"hidden\" name=\"url_referer\" value=\"\"><button type=\"submit\" name=\"wpforms[submit]\" id=\"wpforms-submit-3773\" class=\"wpforms-submit\" data-alt-text=\"Enviant...\" data-submit-text=\"Enviar\" aria-live=\"assertive\" value=\"wpforms-submit\">Enviar<\/button><img loading=\"lazy\" decoding=\"async\" src=\"https:\/\/ipsi.cat\/wp-content\/plugins\/wpforms-lite\/assets\/images\/submit-spin.svg\" class=\"wpforms-submit-spinner\" style=\"display: none;\" width=\"26\" height=\"26\" alt=\"S&#039;est\u00e0 carregant\"><\/div><\/form><\/div>  <!-- .wpforms-container -->\n\n\n<ul class=\"wp-block-list\">\n<li>Oferim una preparaci\u00f3 acad\u00e8mica rigorosa, exigent i de qualitat.<\/li>\n\n\n\n<li>Vetllem perqu\u00e8 l&#8217;alumne aprengui de manera responsable i aix\u00ed tingui cada dia m\u00e9s autonomia en el treball acad\u00e8mic per donar el millor d\u2019ell mateix.<\/li>\n\n\n\n<li>Estem segurs que l&#8217;esfor\u00e7 condueix al benestar personal i a l&#8217;\u00e8xit.<\/li>\n\n\n\n<li>Sabem que l&#8217;educaci\u00f3 \u00e9s la clau per a un m\u00f3n millor, m\u00e9s culte, m\u00e9s respectu\u00f3s, m\u00e9s just i m\u00e9s lliure.<\/li>\n<\/ul>\n","protected":false},"excerpt":{"rendered":"<p>Ompliu el formulari amb les vostres dades i contactarem amb vosaltres.<\/p>\n","protected":false},"author":2,"featured_media":0,"parent":0,"menu_order":26,"comment_status":"closed","ping_status":"closed","template":"","meta":{"_uag_custom_page_level_css":"","neve_meta_sidebar":"","neve_meta_container":"","neve_meta_enable_content_width":"","neve_meta_content_width":0,"neve_meta_title_alignment":"","neve_meta_author_avatar":"","neve_post_elements_order":"","neve_meta_disable_header":"","neve_meta_disable_footer":"","neve_meta_disable_title":"","neve_meta_reading_time":"","_themeisle_gutenberg_block_has_review":false,"footnotes":""},"class_list":["post-2971","page","type-page","status-publish","hentry"],"yoast_head":"<!-- This site is optimized with the Yoast SEO plugin v25.4 - https:\/\/yoast.com\/wordpress\/plugins\/seo\/ -->\n<title>Sol\u00b7licitar una visita informativa a ESO - Escola IPSI<\/title>\n<meta name=\"robots\" content=\"index, follow, max-snippet:-1, max-image-preview:large, max-video-preview:-1\" \/>\n<link rel=\"canonical\" href=\"https:\/\/ipsi.cat\/ca\/sollicitar-una-visita-informativa-a-eso\/\" \/>\n<meta property=\"og:locale\" content=\"ca_ES\" \/>\n<meta property=\"og:type\" content=\"article\" \/>\n<meta property=\"og:title\" content=\"Sol\u00b7licitar una visita informativa a ESO - Escola IPSI\" \/>\n<meta property=\"og:description\" content=\"Ompliu el formulari amb les vostres dades i contactarem amb vosaltres.\" \/>\n<meta property=\"og:url\" content=\"https:\/\/ipsi.cat\/ca\/sollicitar-una-visita-informativa-a-eso\/\" \/>\n<meta property=\"og:site_name\" content=\"Escola IPSI\" \/>\n<meta property=\"article:publisher\" content=\"https:\/\/www.facebook.com\/escolaIPSIOficial\" \/>\n<meta property=\"article:modified_time\" content=\"2025-01-29T09:45:45+00:00\" \/>\n<meta name=\"twitter:card\" content=\"summary_large_image\" \/>\n<meta name=\"twitter:site\" content=\"@escolaipsi\" \/>\n<meta name=\"twitter:label1\" content=\"Temps estimat de lectura\" \/>\n\t<meta name=\"twitter:data1\" content=\"1 minut\" \/>\n<script type=\"application\/ld+json\" class=\"yoast-schema-graph\">{\"@context\":\"https:\/\/schema.org\",\"@graph\":[{\"@type\":\"WebPage\",\"@id\":\"https:\/\/ipsi.cat\/ca\/sollicitar-una-visita-informativa-a-eso\/\",\"url\":\"https:\/\/ipsi.cat\/ca\/sollicitar-una-visita-informativa-a-eso\/\",\"name\":\"Sol\u00b7licitar una visita informativa a ESO - Escola IPSI\",\"isPartOf\":{\"@id\":\"https:\/\/ipsi.cat\/ca\/#website\"},\"datePublished\":\"2024-12-05T11:11:24+00:00\",\"dateModified\":\"2025-01-29T09:45:45+00:00\",\"breadcrumb\":{\"@id\":\"https:\/\/ipsi.cat\/ca\/sollicitar-una-visita-informativa-a-eso\/#breadcrumb\"},\"inLanguage\":\"ca\",\"potentialAction\":[{\"@type\":\"ReadAction\",\"target\":[\"https:\/\/ipsi.cat\/ca\/sollicitar-una-visita-informativa-a-eso\/\"]}]},{\"@type\":\"BreadcrumbList\",\"@id\":\"https:\/\/ipsi.cat\/ca\/sollicitar-una-visita-informativa-a-eso\/#breadcrumb\",\"itemListElement\":[{\"@type\":\"ListItem\",\"position\":1,\"name\":\"Inici\",\"item\":\"https:\/\/ipsi.cat\/ca\/\"},{\"@type\":\"ListItem\",\"position\":2,\"name\":\"Sol\u00b7licitar una visita informativa a ESO\"}]},{\"@type\":\"WebSite\",\"@id\":\"https:\/\/ipsi.cat\/ca\/#website\",\"url\":\"https:\/\/ipsi.cat\/ca\/\",\"name\":\"Escola IPSI\",\"description\":\"Escola concertada de Barcelona\",\"publisher\":{\"@id\":\"https:\/\/ipsi.cat\/ca\/#organization\"},\"potentialAction\":[{\"@type\":\"SearchAction\",\"target\":{\"@type\":\"EntryPoint\",\"urlTemplate\":\"https:\/\/ipsi.cat\/ca\/?s={search_term_string}\"},\"query-input\":{\"@type\":\"PropertyValueSpecification\",\"valueRequired\":true,\"valueName\":\"search_term_string\"}}],\"inLanguage\":\"ca\"},{\"@type\":\"Organization\",\"@id\":\"https:\/\/ipsi.cat\/ca\/#organization\",\"name\":\"Escola IPSI\",\"url\":\"https:\/\/ipsi.cat\/ca\/\",\"logo\":{\"@type\":\"ImageObject\",\"inLanguage\":\"ca\",\"@id\":\"https:\/\/ipsi.cat\/ca\/#\/schema\/logo\/image\/\",\"url\":\"https:\/\/ipsi.cat\/wp-content\/uploads\/2022\/10\/logo-escola-ipsi.png\",\"contentUrl\":\"https:\/\/ipsi.cat\/wp-content\/uploads\/2022\/10\/logo-escola-ipsi.png\",\"width\":250,\"height\":85,\"caption\":\"Escola IPSI\"},\"image\":{\"@id\":\"https:\/\/ipsi.cat\/ca\/#\/schema\/logo\/image\/\"},\"sameAs\":[\"https:\/\/www.facebook.com\/escolaIPSIOficial\",\"https:\/\/x.com\/escolaipsi\",\"https:\/\/www.youtube.com\/user\/EscolaIPSIBarcelona\",\"https:\/\/instagram.com\/escolaIPSIOficial\"]}]}<\/script>\n<!-- \/ Yoast SEO plugin. -->","yoast_head_json":{"title":"Sol\u00b7licitar una visita informativa a ESO - Escola IPSI","robots":{"index":"index","follow":"follow","max-snippet":"max-snippet:-1","max-image-preview":"max-image-preview:large","max-video-preview":"max-video-preview:-1"},"canonical":"https:\/\/ipsi.cat\/ca\/sollicitar-una-visita-informativa-a-eso\/","og_locale":"ca_ES","og_type":"article","og_title":"Sol\u00b7licitar una visita informativa a ESO - Escola IPSI","og_description":"Ompliu el formulari amb les vostres dades i contactarem amb vosaltres.","og_url":"https:\/\/ipsi.cat\/ca\/sollicitar-una-visita-informativa-a-eso\/","og_site_name":"Escola IPSI","article_publisher":"https:\/\/www.facebook.com\/escolaIPSIOficial","article_modified_time":"2025-01-29T09:45:45+00:00","twitter_card":"summary_large_image","twitter_site":"@escolaipsi","twitter_misc":{"Temps estimat de lectura":"1 minut"},"schema":{"@context":"https:\/\/schema.org","@graph":[{"@type":"WebPage","@id":"https:\/\/ipsi.cat\/ca\/sollicitar-una-visita-informativa-a-eso\/","url":"https:\/\/ipsi.cat\/ca\/sollicitar-una-visita-informativa-a-eso\/","name":"Sol\u00b7licitar una visita informativa a ESO - Escola IPSI","isPartOf":{"@id":"https:\/\/ipsi.cat\/ca\/#website"},"datePublished":"2024-12-05T11:11:24+00:00","dateModified":"2025-01-29T09:45:45+00:00","breadcrumb":{"@id":"https:\/\/ipsi.cat\/ca\/sollicitar-una-visita-informativa-a-eso\/#breadcrumb"},"inLanguage":"ca","potentialAction":[{"@type":"ReadAction","target":["https:\/\/ipsi.cat\/ca\/sollicitar-una-visita-informativa-a-eso\/"]}]},{"@type":"BreadcrumbList","@id":"https:\/\/ipsi.cat\/ca\/sollicitar-una-visita-informativa-a-eso\/#breadcrumb","itemListElement":[{"@type":"ListItem","position":1,"name":"Inici","item":"https:\/\/ipsi.cat\/ca\/"},{"@type":"ListItem","position":2,"name":"Sol\u00b7licitar una visita informativa a ESO"}]},{"@type":"WebSite","@id":"https:\/\/ipsi.cat\/ca\/#website","url":"https:\/\/ipsi.cat\/ca\/","name":"Escola IPSI","description":"Escola concertada de Barcelona","publisher":{"@id":"https:\/\/ipsi.cat\/ca\/#organization"},"potentialAction":[{"@type":"SearchAction","target":{"@type":"EntryPoint","urlTemplate":"https:\/\/ipsi.cat\/ca\/?s={search_term_string}"},"query-input":{"@type":"PropertyValueSpecification","valueRequired":true,"valueName":"search_term_string"}}],"inLanguage":"ca"},{"@type":"Organization","@id":"https:\/\/ipsi.cat\/ca\/#organization","name":"Escola IPSI","url":"https:\/\/ipsi.cat\/ca\/","logo":{"@type":"ImageObject","inLanguage":"ca","@id":"https:\/\/ipsi.cat\/ca\/#\/schema\/logo\/image\/","url":"https:\/\/ipsi.cat\/wp-content\/uploads\/2022\/10\/logo-escola-ipsi.png","contentUrl":"https:\/\/ipsi.cat\/wp-content\/uploads\/2022\/10\/logo-escola-ipsi.png","width":250,"height":85,"caption":"Escola IPSI"},"image":{"@id":"https:\/\/ipsi.cat\/ca\/#\/schema\/logo\/image\/"},"sameAs":["https:\/\/www.facebook.com\/escolaIPSIOficial","https:\/\/x.com\/escolaipsi","https:\/\/www.youtube.com\/user\/EscolaIPSIBarcelona","https:\/\/instagram.com\/escolaIPSIOficial"]}]}},"uagb_featured_image_src":{"full":false,"thumbnail":false,"medium":false,"medium_large":false,"large":false,"1536x1536":false,"2048x2048":false,"neve-blog":false},"uagb_author_info":{"display_name":"Eloi Gabriel","author_link":"https:\/\/ipsi.cat\/ca\/author\/eloi\/"},"uagb_comment_info":0,"uagb_excerpt":"Ompliu el formulari amb les vostres dades i contactarem amb vosaltres.","_links":{"self":[{"href":"https:\/\/ipsi.cat\/ca\/wp-json\/wp\/v2\/pages\/2971","targetHints":{"allow":["GET"]}}],"collection":[{"href":"https:\/\/ipsi.cat\/ca\/wp-json\/wp\/v2\/pages"}],"about":[{"href":"https:\/\/ipsi.cat\/ca\/wp-json\/wp\/v2\/types\/page"}],"author":[{"embeddable":true,"href":"https:\/\/ipsi.cat\/ca\/wp-json\/wp\/v2\/users\/2"}],"replies":[{"embeddable":true,"href":"https:\/\/ipsi.cat\/ca\/wp-json\/wp\/v2\/comments?post=2971"}],"version-history":[{"count":5,"href":"https:\/\/ipsi.cat\/ca\/wp-json\/wp\/v2\/pages\/2971\/revisions"}],"predecessor-version":[{"id":3804,"href":"https:\/\/ipsi.cat\/ca\/wp-json\/wp\/v2\/pages\/2971\/revisions\/3804"}],"wp:attachment":[{"href":"https:\/\/ipsi.cat\/ca\/wp-json\/wp\/v2\/media?parent=2971"}],"curies":[{"name":"wp","href":"https:\/\/api.w.org\/{rel}","templated":true}]}}